{"id":105,"date":"2018-10-11T16:18:08","date_gmt":"2018-10-11T16:18:08","guid":{"rendered":"http:\/\/goergensblech.de\/?page_id=105"},"modified":"2025-09-11T08:36:59","modified_gmt":"2025-09-11T08:36:59","slug":"mesmerize","status":"publish","type":"page","link":"https:\/\/www.goergensblech.de\/","title":{"rendered":"Startseite"},"content":{"rendered":"<div  data-label=\"Overlappable\" data-id=\"overlappable--1\" data-export-id=\"overlappable-4\" data-category=\"overlappable\" class=\"overlappable-4 content-section content-section-spacing\" data-overlap=\"true\" id=\"overlappable-1\" style=\"background-color: rgb(255, 255, 255);\"><div  class=\"gridContainer\"> <div  data-type=\"row\" class=\"row spaced-cols text-center\"><div  class=\"col-xs-12 col-sm-4 col-padding col-md-3 \"> <i  class=\"fa icon shadow-large-black aligncenter color1 fa-clone reverse round large\"><\/i> <div  data-type=\"column\" class=\"\"> <h5  class=\"\">Blech- und Stahlbau<\/h5> <p  class=\"\">Wir fertigen Blech- und Stahlbauteile als Sonderanfertigungen oder auch in Serienfertigung f\u00fcr Privat- und Gewerbekunden.<br ><br >Von Einzelteilfertigung bis hin zur Baugruppenfertigung bieten wir umfangreichen Service an.<br ><br >Standardm\u00e4\u00dfig fertigen wir Blechbauteile aus Stahl\/Edelstahl und Aluminiumbleche bis 5mm St\u00e4rke<br ><br >Diverse andere Abma\u00dfe auf Anfrage verf\u00fcgbar.<\/p><a  class=\"button blue\" href=\"#team-1\" target=\"_self\" data-cp-link=\"1\" rel=\"noopener\">Ansprechpartner<\/a><\/div> <\/div> <div  class=\"col-xs-12 col-sm-4 col-padding col-md-3 \"> <i  class=\"fa icon fa-cogs large shadow-large-black round aligncenter reverse color1\"><\/i> <div  data-type=\"column\" class=\"\"><h5  class=\"\">Fertigungstechniken<\/h5> <p  class=\"\">\nBlechverarbeitung<br >CNC-Blechstanzen\n<br >CNC-Blechabkanten\n<br >MAG-Schwei\u00dfen<br >\nMIG-Schwei\u00dfen<br >WIG-Schwei\u00dfen\n<br >Bolzenschwei\u00dfen<br >\n\n<br >Profilbearbeitung\n<br >S\u00e4gen,Bohren,Schwei\u00dfen\n<br ><br >Baugruppenfertigung<\/p><a  class=\"button blue\" href=\"#content-1\" target=\"_self\" data-cp-link=\"1\" rel=\"noopener\">Weitere Informationen<\/a><\/div> <\/div> <div  class=\"col-xs-12 col-sm-4 col-padding col-md-3 \"> <i  class=\"fa icon shadow-large-black aligncenter color1 fa-book reverse round large\"><\/i> <div  data-type=\"column\" class=\"\"><h5  class=\"\">Ausbildung<\/h5> <p  class=\"\">Wir bilden aus!<br >Metallbauer\/in (m\/w\/d)<br >Fachkraft f\u00fcr Metallbau (m\/w\/d)<br ><br ><br ><br >Wir bieten zus\u00e4tzlich regelm\u00e4\u00dfig Praktikumspl\u00e4tze an.<br >Vorpraktikum f\u00fcrs Studium<br >Sch\u00fclerpraktikum<\/p><a  class=\"button blue\" href=\"#features-2\" target=\"_self\" data-cp-link=\"1\" rel=\"noopener\">Mehr Informationen<\/a><\/div> <\/div><div  class=\"col-xs-12 col-sm-4 col-padding col-md-3 \"> <i  class=\"fa icon shadow-large-black aligncenter color1 fa-briefcase reverse round large\"><\/i> <div  data-type=\"column\" class=\"\"> <h5  class=\"\">Offen Stellen<\/h5> <p  class=\"\">Wir sind regem\u00e4\u00dfig auf der Suche nach neuen Mitarbeitenden<\/p><a  class=\"button blue\" href=\"#offene-stellen\" target=\"_self\" data-cp-link=\"1\" rel=\"noopener\">Stellenanzeigen<\/a><\/div> <\/div><\/div> <\/div><\/div><div  data-label=\"Content\" data-id=\"content--1\" data-export-id=\"content-2\" data-category=\"content\" class=\"content-2 content-section content-section-spacing\" id=\"content-1\" style=\"background-color: rgb(245, 250, 253);\"><div > <div  class=\"row middle-xs\"><div  class=\"col-sm-5 bg-image shadow-large-black\" data-bg=\"image\" style=\"background-image: url(&quot;https:\/\/www.goergensblech.de\/wp-content\/uploads\/2017\/05\/cropped-cropped-18493860_1364508580297284_1086320205_o.jpg&quot;);\"><\/div> <div  class=\"col-sm-7 full-col-left-padding full-col-right-padding\"> <div  class=\"row\"> <div  data-type=\"column\" class=\"space-bottom-small content-title-col\">  <h2  class=\"\">Fertigunstechniken<\/h2> <p  class=\"\">Wir verf\u00fcgen \u00fcber diverse handwerkliche Fertigungstechniken. Fokussiert auf Blechverarbeitung im Bereich Maschinenbau und Sondermaschinenbau.<br >Zus\u00e4tzlich fertigen wir Konstruktionen aus Stahl\/Edelstahl oder Aluminiumprofilen in diversen Abmessungen f\u00fcr Maschinen-, Anlagen- oder auch Messebau.<\/p><\/div> <\/div> <div  class=\"row spaced-cols \" data-type=\"row\"> <div  class=\"col-xs-6\" data-type=\"column\"> <h5  class=\"\">CNC-Stanzen<\/h5> <p  class=\"\">\nDiverse Konturen sind hier m\u00f6glich.<br ><br >Maximale Abma\u00dfe: \n<br >Stahlbleche: 3000x2000x6 mm\n<br >Edelstahlblech: 3000x2000x3 mm&nbsp;\n<br >Aluminiumbleche: 3000x2000x8 mm\n<br >Messing\/Kupferbleche 3000x2000x 3mm\n<\/p><\/div> <div  class=\"col-xs-6\" data-type=\"column\"><h5  class=\"\">Schwei\u00dfen<\/h5> <p  class=\"\">Wir verf\u00fcgen \u00fcber verschiedene Schwei\u00dftechniken angepasst auf das gew\u00fcnschte Material und Anwendungsbereich.<br >MAG, MIG, WIG oder auch Bolzenschwei\u00dfen f\u00fcr Stahl, Edelstahl oder Aluminium ist bei uns m\u00f6glich.<\/p><\/div> <div  class=\"col-xs-6\" data-type=\"column\"><h5  class=\"\">CNC-Kanten<\/h5> <p  class=\"\">Maximale L\u00e4nge 3 Meter\n<br >Maximale Materialst\u00e4rke auf 3 Meter 5mm\n<br >Maximale Materialst\u00e4rke bis 0,5 Meter bis zu 12mm\n<\/p><\/div> <div  class=\"col-xs-6\" data-type=\"column\"><h5  class=\"\">Baugruppenfertigung<\/h5> <p  class=\"\">Wir fertigen nach Produktionsunterlagen wie technische Zeichnungen oder 3D-Modelle im Format STP\/STEP.<br >Konstruktionen und Zeichnungen k\u00f6nnen wir bei Bedarf zu Ihren Projekten anfertigen und freigeben.<br ><br >Sprechen Sie uns gerne darauf an.<\/p><\/div> <\/div><\/div> <\/div><\/div> <\/div><div  data-label=\"Ausbildung\" data-id=\"features--2\" data-export-id=\"features-12\" data-category=\"features\" class=\"features-12 content-section content-section-spacing \" id=\"ausbildung\" style=\"background-color: rgb(255, 255, 255); background-image: none;\"><div  class=\"gridContainer\"> <div  class=\"row text-center\"><div  class=\"section-title-col\" data-type=\"column\"> <h2  class=\"\">Ausbildungen \/ Praktikas<\/h2> <p  class=\"lead\">Wir bieten folgende Ausbildungen an:<\/p><a  data-cp-link=\"1\" href=\"https:\/\/www.handwerk.de?gclid=Cj0KCQjw9fqnBhDSARIsAHlcQYQT9jqw5VHkEcd-vrViUGoI-EAVut1VO7BGbN2ha2wgR4O42iwGqboaAi2LEALw_wcB\" class=\"\" target=\"_blank\" rel=\"noopener\"><img  decoding=\"async\" class=\"custom-image\" src=\"https:\/\/www.goergensblech.de\/wp-content\/uploads\/2019\/03\/cropped-cropped-metallbauer.png\" title=\"cropped-cropped-metallbauer.png\" alt=\"\"><\/a><\/div> <\/div> <div  class=\"row spaced-cols center-sm content-center-sm\" data-type=\"row\"> <div  class=\"col-sm-6\"> <div  class=\"row space-bottom\"> <div  class=\"col-sm-fit icon-column\"> <i  class=\"fa icon color2 fa-book bordered round big\"><\/i> <\/div> <div  class=\"col-sm\" data-type=\"column\"> <h5  class=\"color2\">Metallbauer\/In im Bereich Konstruktionstechnik<\/h5> <p  class=\"\">Der Ausbildungsberuf des\/der Metallbauer\/In ist sehr umfangreich und bietet viel Fort- und Weiterbildungsm\u00f6glichkeiten sowie ein breites Spektrum an m\u00f6glichen Berufen.\n<br ><br >Ausbildungsdauer 3,5 Jahre.\n<br >Ausbildungsbeginn: in der Regel jeden August<\/p><a  class=\"button blue\" href=\"https:\/\/www.gesetze-im-internet.de\/metallbausbv_2008\" target=\"_blank\" data-cp-link=\"1\" rel=\"noopener\">Ausbildungsverordnung<\/a><\/div> <\/div><\/div> <div  class=\"col-sm-6\"><div  class=\"row space-bottom\"> <div  class=\"col-sm-fit icon-column\"><i  class=\"fa icon color2 fa-book bordered round big\"><\/i><\/div> <div  class=\"col-sm\" data-type=\"column\"><h5  class=\"color2\">Fachkraft f\u00fcr Metalltechnik<\/h5> <p  class=\"\">Die Fachkraft f\u00fcr Metalltechnik ist die vereinfachte Ausbildung im Bereich Metallbau.\n<br >Sie ist k\u00fcrzer als die Gesellenausbildung und beinhaltet die Grundlagen des Berufs.\n<br >Eine Weitbildung zum Metallbauer\/In ist danach jederzeit m\u00f6glich.\n<br ><br >Ausbildungsdauer: 2 Jahre\n<br >Ausbildungsbeginn: in der Regel jeden August<\/p><a  class=\"button blue\" href=\"https:\/\/www.gesetze-im-internet.de\/mettechausbv\" target=\"_blank\" data-cp-link=\"1\" rel=\"noopener\">Ausbildungsverordnung<\/a><\/div> <\/div><\/div>   <div  class=\"col-sm-6\"> <div  class=\"row space-bottom\"> <div  class=\"col-sm-fit icon-column\"> <i  class=\"fa icon color2 fa-graduation-cap bordered round big\"><\/i> <\/div> <div  class=\"col-sm\" data-type=\"column\"> <h5  class=\"color2\">Berufspraktikum oder Vorpraktikum<\/h5> <p  class=\"\">Wir bieten in der Regel jederzeit Praktikumspl\u00e4tze f\u00fcr Sch\u00fclerpraktikas oder Vorpraktikas an.<br ><br >Wir haben bereits Erfahrungen mit Sch\u00fcler-\/ und Vorpraktikas f\u00fcrs Studium gesammelt. <br >Wir decken die erforderlichen Fachbereiche f\u00fcr ein Vorpraktikum im Bereich Technik (Maschinenbau etc.) ab.<br ><br >Sprechen Sie uns gerne darauf an!<\/p><a  class=\"button blue\" href=\"mailto:mail@goergensblech.de\" target=\"_blank\" data-cp-link=\"1\" rel=\"noopener\">E-Mail<\/a><\/div> <\/div><\/div><\/div><\/div> <\/div><div  data-label=\"Cta\" data-id=\"cta--1\" data-export-id=\"cta-blue-section\" data-category=\"cta\" class=\"cta-blue-section content-section content-section-spacing-medium bg-color1 white-text\" id=\"cta-1\"><div  class=\"gridContainer\"> <div  class=\"row middle-xs\"><div  class=\"col-sm-8 space-bottom-xs\" data-type=\"column\"> <h2  class=\"\">Kontaktieren Sie uns!<\/h2> <\/div> <div  class=\"col-sm-4 end-sm\" data-type=\"column\"> <a  class=\"button color2\" href=\"mailto:mail@goergensblech.de\" target=\"_blank\" data-cp-link=\"1\" rel=\"noopener\">E-Mail<\/a><\/div> <\/div><\/div> <\/div><div  data-label=\"Portfolio\" data-id=\"portfolio--1\" data-export-id=\"portfolio-4\" data-category=\"portfolio\" class=\"portfolio-4 content-section content-section-spacing-top\" id=\"portfolio-1\" style=\"background-color: rgb(245, 250, 253); background-image: none;\"><div  class=\"\"> <div  class=\"row text-center\"><div  class=\"section-title-col\" data-type=\"column\">  <\/div> <\/div> <div  data-type=\"row\" class=\"row\" data-fixed=\"true\">  <div  class=\"col-xs-12 col-sm-3 no-gutter-col col-md-4\"><div  class=\"contentswap-effect\" data-hover-fx=\"portfolio-4\"> <div  class=\"initial-image\"> <img  decoding=\"async\" data-size=\"542x360\" src=\"https:\/\/www.goergensblech.de\/wp-content\/uploads\/2017\/05\/cropped-cropped-cropped-18493860_1364508580297284_1086320205_o.jpg\"><\/div> <div  class=\"overlay bg-color1\"><\/div> <div  class=\"swap-inner col-xs-12\"> <div  class=\"row full-height-row middle-xs middle-sm\"> <div  class=\"col-xs-12 text-center content-holder\"> <a  href=\"#\" target=\"_self\" rel=\"noopener\"><i  class=\"fa icon portfolio-icon fa-search big\" aria-hidden=\"true\"><\/i><\/a><\/div> <\/div><\/div> <\/div><\/div> <div  class=\"col-xs-12 col-sm-3 no-gutter-col col-md-4\"><div  class=\"contentswap-effect\" data-hover-fx=\"portfolio-4\"> <div  class=\"initial-image\"> <img  decoding=\"async\" data-size=\"542x360\" src=\"https:\/\/www.goergensblech.de\/wp-content\/uploads\/2017\/05\/cropped-cropped-18493757_1364508550297287_142414114_o.jpg\"><\/div> <div  class=\"overlay bg-color1\"><\/div> <div  class=\"swap-inner col-xs-12\"> <div  class=\"row full-height-row middle-xs middle-sm\"> <div  class=\"col-xs-12 text-center content-holder\"> <a  href=\"#\" target=\"_self\" rel=\"noopener\"><i  class=\"fa icon portfolio-icon fa-search big\" aria-hidden=\"true\"><\/i><\/a><\/div> <\/div><\/div> <\/div><\/div> <div  class=\"col-xs-12 col-sm-3 no-gutter-col col-md-4\"><div  class=\"contentswap-effect\" data-hover-fx=\"portfolio-4\"> <div  class=\"initial-image\"> <img  decoding=\"async\" data-size=\"542x360\" src=\"https:\/\/www.goergensblech.de\/wp-content\/uploads\/2017\/06\/cropped-milling-947160-3.jpg\"><\/div> <div  class=\"overlay bg-color1\"><\/div> <div  class=\"swap-inner col-xs-12\"> <div  class=\"row full-height-row middle-xs middle-sm\"> <div  class=\"col-xs-12 text-center content-holder\"> <a  href=\"#\" target=\"_self\" rel=\"noopener\"><i  class=\"fa icon portfolio-icon fa-search big\" aria-hidden=\"true\"><\/i><\/a><\/div> <\/div><\/div> <\/div><\/div>     <\/div><\/div> <\/div><div  data-label=\"Team\" data-id=\"team--1\" data-export-id=\"team-5\" data-category=\"team\" class=\"team-5 content-section content-section-spacing\" id=\"team-1\" style=\"background-color: rgb(255, 255, 255);\"><div  class=\"gridContainer\"> <div  class=\"row text-center\"><div  class=\"section-title-col\" data-type=\"column\"> <h2  class=\"\">Ansprechpartner<\/h2> <p  class=\"lead\">Au\u00dferhalb von konkreten Anfragen stehen wir zus\u00e4tzlich f\u00fcr weitere Anfragen in verschiedenen Bereichen f\u00fcr Sie zu Verf\u00fcgung.\n<br >\n<br >Konkrete Anfragen mit Fertigungsunterlagen bitte an:<\/p><a  class=\"button blue\" href=\"mailto:anfrage@goergensblech.de\" target=\"_self\" data-cp-link=\"1\" rel=\"noopener\">Anfrage<\/a><\/div> <\/div> <div  class=\"row spaced-cols content-center-sm\" data-type=\"row\"> <div  class=\"col-xs-12 col-sm-6 col-padding col-md-6 \"> <div  class=\"row \"> <div  data-type=\"column\" class=\"col-xs-12 col-sm-12\">  <h4  class=\"font-500\">Gerhard Goergens<\/h4> <p  class=\"italic\">Metallbaumeister \/ Inhaber<\/p>  <p  class=\"\">Verantworlich f\u00fcr Auftragsanfragen besonders Sonderanfragen\n<br ><br >Kaufm\u00e4nnischer Ansprechpartner\n<\/p><div  class=\"social-icons-group\" data-type=\"group\"> <a  href=\"#\" target=\"_self\" data-reiki-hidden=\"true\" rel=\"noopener\"><i  class=\"gray fa icon fa-facebook-square\"><\/i><\/a> <a  href=\"#\" target=\"_self\" data-reiki-hidden=\"true\" rel=\"noopener\"><i  class=\"gray fa icon fa-twitter-square\"><\/i><\/a> <a  href=\"#\" target=\"_self\" data-reiki-hidden=\"true\" rel=\"noopener\"><i  class=\"gray fa icon fa-linkedin-square\"><\/i><\/a> <a  href=\"#\" target=\"_self\" data-reiki-hidden=\"true\" rel=\"noopener\"><i  class=\"gray fa icon fa-google-plus-square\"><\/i><\/a><\/div> <a  class=\"button blue\" href=\"mailto:mail@goergensblech.de\" target=\"_blank\" data-cp-link=\"1\" rel=\"noopener\">E-Mail<\/a><\/div><\/div> <\/div> <div  class=\"col-xs-12 col-sm-6 col-padding col-md-6 \"> <div  class=\"row \"> <div  data-type=\"column\" class=\"col-xs-12 col-sm-12\">  <h4  class=\"font-500\">Christoph Goergens<\/h4> <p  class=\"italic\">Arbeitsvorbereitung \/ Projektbetreung<\/p> <p  class=\"\">Verantwortlich f\u00fcr Projektabwicklung im Bereich Konstruktion und Vorbereitung\n<br >\n<br >Betreuung der Webpr\u00e4senz\n<br ><br >Ausbildungsbeauftragter<\/p> <div  class=\"social-icons-group\" data-type=\"group\"> <a  href=\"#\" target=\"_self\" data-reiki-hidden=\"true\" rel=\"noopener\"><i  class=\"gray fa icon fa-facebook-square\"><\/i><\/a> <a  href=\"#\" target=\"_self\" data-reiki-hidden=\"true\" rel=\"noopener\"><i  class=\"gray fa icon fa-twitter-square\"><\/i><\/a> <a  href=\"#\" target=\"_self\" data-reiki-hidden=\"true\" rel=\"noopener\"><i  class=\"gray fa icon fa-linkedin-square\"><\/i><\/a> <a  href=\"#\" target=\"_self\" data-reiki-hidden=\"true\" rel=\"noopener\"><i  class=\"gray fa icon fa-google-plus-square\"><\/i><\/a><\/div> <a  class=\"button blue\" href=\"mailto:c.goergens@goergensblech.de\" target=\"_blank\" data-cp-link=\"1\" rel=\"noopener\">E-Mail<\/a><\/div><\/div> <\/div>      <\/div> <\/div><\/div><div  data-label=\"Offene Stellen\" data-id=\"features--1\" data-export-id=\"features-13-card-bordered\" data-category=\"features\" class=\"features-13 content-section content-section-spacing\" id=\"offene-stellen\" style=\"background-color: rgb(245, 250, 253);\"><div  class=\"gridContainer\"> <div  class=\"row text-center\"><div  class=\"section-title-col\" data-type=\"column\"> <h2  class=\"\">Offene Stelllen<\/h2> <p  class=\"lead\">Wir suchen regelm\u00e4\u00dfig neue Mitarbeiter oder Auszubildene mit unterschiedlichen Anforderungen<\/p><\/div> <\/div> <div  class=\"row spaced-cols content-center-sm\" data-type=\"row\">   <div  class=\"col-sm-4\"> <div  class=\"card bordered y-move\" data-type=\"column\">    <\/div> <\/div><\/div> <\/div><\/div><div  data-label=\"Content\" data-id=\"content--2\" data-export-id=\"content-12\" data-category=\"content\" class=\"content-12 content-section content-section-spacing\" id=\"content-2\" style=\"background-color: rgb(255, 255, 255);\"><div  class=\"gridContainer\"> <div  class=\"row text-center\"><div  class=\"section-title-col\" data-type=\"column\"> <h2  class=\"\">Partnerschaften<\/h2> <p  class=\"lead\">Wir sind auch diese Saison 2025\/2026 wieder unterst\u00fctzer der K\u00f6lner Haie<\/p><\/div> <\/div> <div  class=\"row center-xs middle-xs\"> <div  class=\"col-sm-9\" data-type=\"column\"> <a  data-cp-link=\"1\" href=\"https:\/\/www.haie.de\" class=\"\" target=\"_blank\" rel=\"noopener\"><img  decoding=\"async\" class=\"shadow-large\" src=\"https:\/\/www.goergensblech.de\/wp-content\/uploads\/2025\/06\/Logo-1-scaled.png\" title=\"cropped-cropped-cropped-Logo-1.png\" alt=\"\"><\/a><\/div> <\/div><\/div> <\/div>","protected":false},"excerpt":{"rendered":"<p>Blech- und Stahlbau Wir fertigen Blech- und Stahlbauteile als Sonderanfertigungen oder auch in Serienfertigung f\u00fcr Privat- und Gewerbekunden.Von Einzelteilfertigung bis hin zur Baugruppenfertigung bieten wir umfangreichen Service an.Standardm\u00e4\u00dfig fertigen wir Blechbauteile aus Stahl\/Edelstahl und Aluminiumbleche bis 5mm St\u00e4rkeDiverse andere Abma\u00dfe auf Anfrage verf\u00fcgbar.Ansprechpartner Fertigungstechniken BlechverarbeitungCNC-Blechstanzen CNC-Blechabkanten MAG-Schwei\u00dfen MIG-Schwei\u00dfenWIG-Schwei\u00dfen Bolzenschwei\u00dfen Profilbearbeitung S\u00e4gen,Bohren,Schwei\u00dfen BaugruppenfertigungWeitere Informationen Ausbildung Wir&hellip; <br \/> <a class=\"read-more\" href=\"https:\/\/www.goergensblech.de\/\">Weiterlesen<\/a><\/p>\n","protected":false},"author":1,"featured_media":0,"parent":0,"menu_order":0,"comment_status":"closed","ping_status":"closed","template":"page-templates\/homepage.php","meta":{"footnotes":""},"class_list":["post-105","page","type-page","status-publish","hentry"],"_links":{"self":[{"href":"https:\/\/www.goergensblech.de\/index.php?rest_route=\/wp\/v2\/pages\/105","targetHints":{"allow":["GET"]}}],"collection":[{"href":"https:\/\/www.goergensblech.de\/index.php?rest_route=\/wp\/v2\/pages"}],"about":[{"href":"https:\/\/www.goergensblech.de\/index.php?rest_route=\/wp\/v2\/types\/page"}],"author":[{"embeddable":true,"href":"https:\/\/www.goergensblech.de\/index.php?rest_route=\/wp\/v2\/users\/1"}],"replies":[{"embeddable":true,"href":"https:\/\/www.goergensblech.de\/index.php?rest_route=%2Fwp%2Fv2%2Fcomments&post=105"}],"version-history":[{"count":105,"href":"https:\/\/www.goergensblech.de\/index.php?rest_route=\/wp\/v2\/pages\/105\/revisions"}],"predecessor-version":[{"id":442,"href":"https:\/\/www.goergensblech.de\/index.php?rest_route=\/wp\/v2\/pages\/105\/revisions\/442"}],"wp:attachment":[{"href":"https:\/\/www.goergensblech.de\/index.php?rest_route=%2Fwp%2Fv2%2Fmedia&parent=105"}],"curies":[{"name":"wp","href":"https:\/\/api.w.org\/{rel}","templated":true}]}}